{"id":1940,"date":"2023-01-03T10:26:40","date_gmt":"2023-01-03T09:26:40","guid":{"rendered":"https:\/\/gruasorion.com.pa\/?page_id=1940"},"modified":"2023-02-06T16:59:05","modified_gmt":"2023-02-06T15:59:05","slug":"servicios-complementarios","status":"publish","type":"page","link":"https:\/\/gruasorion.com.pa\/en\/servicios-complementarios\/","title":{"rendered":"COMPLEMENTARY SERVICES"},"content":{"rendered":"<div class=\"vc_row wpb_row vc_row-fluid\"><div class=\"wpb_column vc_column_container vc_col-sm-12\"><div class=\"vc_column-inner\"><div class=\"wpb_wrapper\">\n\t<div class=\"wpb_text_column wpb_content_element\" >\n\t\t<div class=\"wpb_wrapper\">\n\t\t\t<p>In addition to having the <strong>best cranes, tractors and trucks from the top brands<\/strong>, Gr\u00faas Ori\u00f3n offers <strong>complementary services<\/strong> such as tanks, clamps and other elements that are necessary for those <strong>special operations<\/strong> that you'll need to carry out in your construction project, and we'll help <strong>you to make it possible with the greatest detail, precision and professionalism.<\/strong><\/p>\n\n\t\t<\/div>\n\t<\/div>\n\n\t<div class=\"wpb_text_column wpb_content_element\" >\n\t\t<div class=\"wpb_wrapper\">\n\t\t\t<h2><strong>Platform rollers for moving loads <\/strong><\/h2>\n\n\t\t<\/div>\n\t<\/div>\n\n\t<div class=\"wpb_text_column wpb_content_element\" >\n\t\t<div class=\"wpb_wrapper\">\n\t\t\t<p>. <strong>Transporting heavy loads<\/strong> in a company poses a great challenge and Gr\u00faas Ori\u00f3n offers the <strong>solution that is right for each case.<\/strong>Whether it's manually loading a skid or using platform rollers to move machines in tandem.<\/p>\n<p>Gr\u00faas Ori\u00f3n offers a <strong>wide range of cargo trolleys that ensure safe internal transport.<\/strong><\/p>\n<p>The goal: <strong>to constantly improve your work processes<\/strong> of any of the platform rollers to move heavy machines.<\/p>\n\n\t\t<\/div>\n\t<\/div>\n\n\t<div  class=\"wpb_single_image wpb_content_element vc_align_left\">\n\t\t\n\t\t<figure class=\"wpb_wrapper vc_figure\">\n\t\t\t<div class=\"vc_single_image-wrapper   vc_box_border_grey\"><img loading=\"lazy\" decoding=\"async\" width=\"220\" height=\"212\" src=\"https:\/\/gruasorion.com.pa\/wp-content\/uploads\/2023\/02\/Tanquetas.png\" class=\"vc_single_image-img attachment-full\" alt=\"TANQUETA\"  data-dt-location=\"https:\/\/gruasorion.com.pa\/en\/servicios-complementarios\/tanquetas\/\" \/><\/div>\n\t\t<\/figure>\n\t<\/div>\n<\/div><\/div><\/div><\/div><div class=\"vc_row wpb_row vc_row-fluid\"><div class=\"wpb_column vc_column_container vc_col-sm-12\"><div class=\"vc_column-inner\"><div class=\"wpb_wrapper\">\n\t<div class=\"wpb_text_column wpb_content_element\" >\n\t\t<div class=\"wpb_wrapper\">\n\t\t\t<h2><strong>Operator basket (Basket)<\/strong><\/h2>\n\n\t\t<\/div>\n\t<\/div>\n\n\t<div class=\"wpb_text_column wpb_content_element\" >\n\t\t<div class=\"wpb_wrapper\">\n\t\t\t<p>Specially designed for <strong>lifting people<\/strong>. <strong>Approved and certified assembly<\/strong>.<\/p>\n<p><strong>360\u00ba rotation.<\/strong> Capacity 2 people.<\/p>\n\n\t\t<\/div>\n\t<\/div>\n\n\t<div  class=\"wpb_single_image wpb_content_element vc_align_left\">\n\t\t\n\t\t<figure class=\"wpb_wrapper vc_figure\">\n\t\t\t<div class=\"vc_single_image-wrapper   vc_box_border_grey\"><img loading=\"lazy\" decoding=\"async\" width=\"683\" height=\"426\" src=\"https:\/\/gruasorion.com.pa\/wp-content\/uploads\/2023\/01\/Cesta-elevacion-de-personas.png\" class=\"vc_single_image-img attachment-full\" alt=\"Cesta elevaci\u00f3n de personas\" srcset=\"https:\/\/gruasorion.com.pa\/wp-content\/uploads\/2023\/01\/Cesta-elevacion-de-personas.png 683w, https:\/\/gruasorion.com.pa\/wp-content\/uploads\/2023\/01\/Cesta-elevacion-de-personas-300x187.png 300w\" sizes=\"auto, (max-width: 683px) 100vw, 683px\"  data-dt-location=\"https:\/\/gruasorion.com.pa\/en\/servicios-complementarios\/cesta-elevacion-de-personas\/\" \/><\/div>\n\t\t<\/figure>\n\t<\/div>\n<\/div><\/div><\/div><\/div><div class=\"vc_row wpb_row vc_row-fluid\"><div class=\"wpb_column vc_column_container vc_col-sm-12\"><div class=\"vc_column-inner\"><div class=\"wpb_wrapper\">\n\t<div class=\"wpb_text_column wpb_content_element\" >\n\t\t<div class=\"wpb_wrapper\">\n\t\t\t<h2><strong>Grapple of road barriers<\/strong><\/h2>\n\n\t\t<\/div>\n\t<\/div>\n\n\t<div class=\"wpb_text_column wpb_content_element\" >\n\t\t<div class=\"wpb_wrapper\">\n\t\t\t<p>Grapple for <strong>lifting highway road barriers<\/strong> or large fabricated elements.<\/p>\n<p>Regulation: 50-800 mm.<\/p>\n<p>Capacity: 5000 Kg<\/p>\n<p>Specially designed for <strong>loading\/unloading<\/strong> road barriers.<\/p>\n\n\t\t<\/div>\n\t<\/div>\n\n\t<div  class=\"wpb_single_image wpb_content_element vc_align_left\">\n\t\t\n\t\t<figure class=\"wpb_wrapper vc_figure\">\n\t\t\t<div class=\"vc_single_image-wrapper   vc_box_border_grey\"><img loading=\"lazy\" decoding=\"async\" width=\"312\" height=\"261\" src=\"https:\/\/gruasorion.com.pa\/wp-content\/uploads\/2023\/01\/pinza.png\" class=\"vc_single_image-img attachment-full\" alt=\"Pinza\" srcset=\"https:\/\/gruasorion.com.pa\/wp-content\/uploads\/2023\/01\/pinza.png 312w, https:\/\/gruasorion.com.pa\/wp-content\/uploads\/2023\/01\/pinza-300x251.png 300w\" sizes=\"auto, (max-width: 312px) 100vw, 312px\"  data-dt-location=\"https:\/\/gruasorion.com.pa\/en\/servicios-complementarios\/pinza\/\" \/><\/div>\n\t\t<\/figure>\n\t<\/div>\n<\/div><\/div><\/div><\/div><div class=\"vc_row wpb_row vc_row-fluid\"><div class=\"wpb_column vc_column_container vc_col-sm-12\"><div class=\"vc_column-inner\"><div class=\"wpb_wrapper\">\n\t<div class=\"wpb_text_column wpb_content_element\" >\n\t\t<div class=\"wpb_wrapper\">\n\t\t\t<h2><strong>Concrete bucket<\/strong><\/h2>\n\n\t\t<\/div>\n\t<\/div>\n\n\t<div class=\"wpb_text_column wpb_content_element\" >\n\t\t<div class=\"wpb_wrapper\">\n\t\t\t<p>Specially designed <strong>unloading\/distributing concrete.<\/strong><\/p>\n<p>Capacity 1\/2 m3 (500 liters)<\/p>\n\n\t\t<\/div>\n\t<\/div>\n\n\t<div  class=\"wpb_single_image wpb_content_element vc_align_left\">\n\t\t\n\t\t<figure class=\"wpb_wrapper vc_figure\">\n\t\t\t<div class=\"vc_single_image-wrapper   vc_box_border_grey\"><img loading=\"lazy\" decoding=\"async\" width=\"235\" height=\"209\" src=\"https:\/\/gruasorion.com.pa\/wp-content\/uploads\/2023\/01\/Cangilon-Cubilote.png\" class=\"vc_single_image-img attachment-full\" alt=\"Cangil\u00f3n Cubilote\"  data-dt-location=\"https:\/\/gruasorion.com.pa\/en\/servicios-complementarios\/cangilon-cubilote\/\" \/><\/div>\n\t\t<\/figure>\n\t<\/div>\n<\/div><\/div><\/div><\/div><div class=\"vc_row wpb_row vc_row-fluid\"><div class=\"wpb_column vc_column_container vc_col-sm-12\"><div class=\"vc_column-inner\"><div class=\"wpb_wrapper\">\n\t<div class=\"wpb_text_column wpb_content_element\" >\n\t\t<div class=\"wpb_wrapper\">\n\t\t\t<h2><strong>Pallet forks<\/strong><\/h2>\n\n\t\t<\/div>\n\t<\/div>\n\n\t<div class=\"wpb_text_column wpb_content_element\" >\n\t\t<div class=\"wpb_wrapper\">\n\t\t\t<p>For lifting <strong>lifting palletized loads<\/strong>. Perfect for <strong>transporting all goods on pallets with a crane.<\/strong><\/p>\n\n\t\t<\/div>\n\t<\/div>\n<\/div><\/div><\/div><\/div><div class=\"vc_row wpb_row vc_row-fluid\"><div class=\"wpb_column vc_column_container vc_col-sm-12\"><div class=\"vc_column-inner\"><div class=\"wpb_wrapper\">\n\t<div  class=\"wpb_single_image wpb_content_element vc_align_left\">\n\t\t\n\t\t<figure class=\"wpb_wrapper vc_figure\">\n\t\t\t<div class=\"vc_single_image-wrapper   vc_box_border_grey\"><img loading=\"lazy\" decoding=\"async\" width=\"239\" height=\"217\" src=\"https:\/\/gruasorion.com.pa\/wp-content\/uploads\/2023\/01\/Pinzas-porta-palets.png\" class=\"vc_single_image-img attachment-full\" alt=\"Pinzas porta palets\"  data-dt-location=\"https:\/\/gruasorion.com.pa\/en\/servicios-complementarios\/pinzas-porta-palets\/\" \/><\/div>\n\t\t<\/figure>\n\t<\/div>\n<\/div><\/div><\/div><\/div><div class=\"vc_row wpb_row vc_row-fluid\"><div class=\"wpb_column vc_column_container vc_col-sm-12\"><div class=\"vc_column-inner\"><div class=\"wpb_wrapper\"><div class=\"vc_btn3-container vc_btn3-center\" ><a class=\"vc_general vc_btn3 vc_btn3-size-lg vc_btn3-shape-rounded vc_btn3-style-modern vc_btn3-color-warning anchor-link\" href=\"https:\/\/gruasorion.com.pa\/en\/contacto\/\" title=\"\" target=\"_blank\">REQUEST INFORMATION WITH NO OBLIGATION<\/a><\/div><\/div><\/div><\/div><\/div>","protected":false},"excerpt":{"rendered":"<p>Adem\u00e1s de contar con los mejores equipos de gr\u00faas, tractoras y camiones de primeras marcas, en Gr\u00faas Ori\u00f3n te ofrecemos servicios complementarios como tanquetas, pinzas y dem\u00e1s elementos tan necesarios para esas operaciones especiales que necesitar\u00e1s realizar en tu construcci\u00f3n y nosotros te ayudaremos a hacerlo posible con el mayor detalle, precisi\u00f3n y profesionalidad. Tanquetas&hellip;<\/p>","protected":false},"author":1,"featured_media":0,"parent":0,"menu_order":0,"comment_status":"closed","ping_status":"closed","template":"","meta":{"_joinchat":[]},"class_list":["post-1940","page","type-page","status-publish","hentry","description-off"],"yoast_head":"<!-- This site is optimized with the Yoast SEO plugin v23.4 - https:\/\/yoast.com\/wordpress\/plugins\/seo\/ -->\n<title>Servicios complementarios - Gr\u00faas Ori\u00f3n<\/title>\n<meta name=\"description\" content=\"Adem\u00e1s de contar con los mejores equipos de gr\u00faas y camiones de primeras marcas, te ofrecemos servicios con accesorios como tanquetas y pinzas\" \/>\n<meta name=\"robots\" content=\"index, follow, max-snippet:-1, max-image-preview:large, max-video-preview:-1\" \/>\n<link rel=\"canonical\" href=\"https:\/\/gruasorion.com.pa\/en\/servicios-complementarios\/\" \/>\n<meta property=\"og:locale\" content=\"en_US\" \/>\n<meta property=\"og:type\" content=\"article\" \/>\n<meta property=\"og:title\" content=\"Servicios complementarios - Gr\u00faas Ori\u00f3n\" \/>\n<meta property=\"og:description\" content=\"Adem\u00e1s de contar con los mejores equipos de gr\u00faas y camiones de primeras marcas, te ofrecemos servicios con accesorios como tanquetas y pinzas\" \/>\n<meta property=\"og:url\" content=\"https:\/\/gruasorion.com.pa\/en\/servicios-complementarios\/\" \/>\n<meta property=\"og:site_name\" content=\"Gr\u00faas Ori\u00f3n\" \/>\n<meta property=\"article:modified_time\" content=\"2023-02-06T15:59:05+00:00\" \/>\n<meta name=\"twitter:card\" content=\"summary_large_image\" \/>\n<meta name=\"twitter:label1\" content=\"Est. reading time\" \/>\n\t<meta name=\"twitter:data1\" content=\"2 minutes\" \/>\n<script type=\"application\/ld+json\" class=\"yoast-schema-graph\">{\"@context\":\"https:\/\/schema.org\",\"@graph\":[{\"@type\":\"WebPage\",\"@id\":\"https:\/\/gruasorion.com.pa\/servicios-complementarios\/\",\"url\":\"https:\/\/gruasorion.com.pa\/servicios-complementarios\/\",\"name\":\"Servicios complementarios - Gr\u00faas Ori\u00f3n\",\"isPartOf\":{\"@id\":\"https:\/\/gruasorion.com.pa\/#website\"},\"datePublished\":\"2023-01-03T09:26:40+00:00\",\"dateModified\":\"2023-02-06T15:59:05+00:00\",\"description\":\"Adem\u00e1s de contar con los mejores equipos de gr\u00faas y camiones de primeras marcas, te ofrecemos servicios con accesorios como tanquetas y pinzas\",\"breadcrumb\":{\"@id\":\"https:\/\/gruasorion.com.pa\/servicios-complementarios\/#breadcrumb\"},\"inLanguage\":\"en-US\",\"potentialAction\":[{\"@type\":\"ReadAction\",\"target\":[\"https:\/\/gruasorion.com.pa\/servicios-complementarios\/\"]}]},{\"@type\":\"BreadcrumbList\",\"@id\":\"https:\/\/gruasorion.com.pa\/servicios-complementarios\/#breadcrumb\",\"itemListElement\":[{\"@type\":\"ListItem\",\"position\":1,\"name\":\"Portada\",\"item\":\"https:\/\/gruasorion.com.pa\/\"},{\"@type\":\"ListItem\",\"position\":2,\"name\":\"Servicios complementarios\"}]},{\"@type\":\"WebSite\",\"@id\":\"https:\/\/gruasorion.com.pa\/#website\",\"url\":\"https:\/\/gruasorion.com.pa\/\",\"name\":\"Gr\u00faas Ori\u00f3n\",\"description\":\"Alquiler de Gr\u00faas en Panam\u00e1\",\"potentialAction\":[{\"@type\":\"SearchAction\",\"target\":{\"@type\":\"EntryPoint\",\"urlTemplate\":\"https:\/\/gruasorion.com.pa\/?s={search_term_string}\"},\"query-input\":{\"@type\":\"PropertyValueSpecification\",\"valueRequired\":true,\"valueName\":\"search_term_string\"}}],\"inLanguage\":\"en-US\"}]}<\/script>\n<!-- \/ Yoast SEO plugin. -->","yoast_head_json":{"title":"Servicios complementarios - Gr\u00faas Ori\u00f3n","description":"Adem\u00e1s de contar con los mejores equipos de gr\u00faas y camiones de primeras marcas, te ofrecemos servicios con accesorios como tanquetas y pinzas","robots":{"index":"index","follow":"follow","max-snippet":"max-snippet:-1","max-image-preview":"max-image-preview:large","max-video-preview":"max-video-preview:-1"},"canonical":"https:\/\/gruasorion.com.pa\/en\/servicios-complementarios\/","og_locale":"en_US","og_type":"article","og_title":"Servicios complementarios - Gr\u00faas Ori\u00f3n","og_description":"Adem\u00e1s de contar con los mejores equipos de gr\u00faas y camiones de primeras marcas, te ofrecemos servicios con accesorios como tanquetas y pinzas","og_url":"https:\/\/gruasorion.com.pa\/en\/servicios-complementarios\/","og_site_name":"Gr\u00faas Ori\u00f3n","article_modified_time":"2023-02-06T15:59:05+00:00","twitter_card":"summary_large_image","twitter_misc":{"Est. reading time":"2 minutes"},"schema":{"@context":"https:\/\/schema.org","@graph":[{"@type":"WebPage","@id":"https:\/\/gruasorion.com.pa\/servicios-complementarios\/","url":"https:\/\/gruasorion.com.pa\/servicios-complementarios\/","name":"Servicios complementarios - Gr\u00faas Ori\u00f3n","isPartOf":{"@id":"https:\/\/gruasorion.com.pa\/#website"},"datePublished":"2023-01-03T09:26:40+00:00","dateModified":"2023-02-06T15:59:05+00:00","description":"Adem\u00e1s de contar con los mejores equipos de gr\u00faas y camiones de primeras marcas, te ofrecemos servicios con accesorios como tanquetas y pinzas","breadcrumb":{"@id":"https:\/\/gruasorion.com.pa\/servicios-complementarios\/#breadcrumb"},"inLanguage":"en-US","potentialAction":[{"@type":"ReadAction","target":["https:\/\/gruasorion.com.pa\/servicios-complementarios\/"]}]},{"@type":"BreadcrumbList","@id":"https:\/\/gruasorion.com.pa\/servicios-complementarios\/#breadcrumb","itemListElement":[{"@type":"ListItem","position":1,"name":"Portada","item":"https:\/\/gruasorion.com.pa\/"},{"@type":"ListItem","position":2,"name":"Servicios complementarios"}]},{"@type":"WebSite","@id":"https:\/\/gruasorion.com.pa\/#website","url":"https:\/\/gruasorion.com.pa\/","name":"Gr\u00faas Ori\u00f3n","description":"Alquiler de Gr\u00faas en Panam\u00e1","potentialAction":[{"@type":"SearchAction","target":{"@type":"EntryPoint","urlTemplate":"https:\/\/gruasorion.com.pa\/?s={search_term_string}"},"query-input":{"@type":"PropertyValueSpecification","valueRequired":true,"valueName":"search_term_string"}}],"inLanguage":"en-US"}]}},"_links":{"self":[{"href":"https:\/\/gruasorion.com.pa\/en\/wp-json\/wp\/v2\/pages\/1940","targetHints":{"allow":["GET"]}}],"collection":[{"href":"https:\/\/gruasorion.com.pa\/en\/wp-json\/wp\/v2\/pages"}],"about":[{"href":"https:\/\/gruasorion.com.pa\/en\/wp-json\/wp\/v2\/types\/page"}],"author":[{"embeddable":true,"href":"https:\/\/gruasorion.com.pa\/en\/wp-json\/wp\/v2\/users\/1"}],"replies":[{"embeddable":true,"href":"https:\/\/gruasorion.com.pa\/en\/wp-json\/wp\/v2\/comments?post=1940"}],"version-history":[{"count":12,"href":"https:\/\/gruasorion.com.pa\/en\/wp-json\/wp\/v2\/pages\/1940\/revisions"}],"predecessor-version":[{"id":1991,"href":"https:\/\/gruasorion.com.pa\/en\/wp-json\/wp\/v2\/pages\/1940\/revisions\/1991"}],"wp:attachment":[{"href":"https:\/\/gruasorion.com.pa\/en\/wp-json\/wp\/v2\/media?parent=1940"}],"curies":[{"name":"wp","href":"https:\/\/api.w.org\/{rel}","templated":true}]}}