{"id":348,"date":"2020-01-07T08:51:31","date_gmt":"2020-01-07T08:51:31","guid":{"rendered":"https:\/\/gruasorion.com.pa\/gruasorion\/?page_id=348"},"modified":"2022-12-13T06:41:27","modified_gmt":"2022-12-13T05:41:27","slug":"aviso-legal","status":"publish","type":"page","link":"https:\/\/gruasorion.com.pa\/en\/aviso-legal\/","title":{"rendered":"Aviso Legal"},"content":{"rendered":"<h3>GENERAL CONDITIONS OF USE OF THE WEBSITE OF GR\u00daAS ORI\u00d3N PANAM\u00c1, S.A.<\/h3>\n<p><strong>GR\u00daAS ORI\u00d3N PANAM\u00c1, S.A.\u00a0<\/strong>(as well as\u00a0<strong>GRUAS ORION<\/strong>\u00a0) with RUC. 2443160-1-811174, registered in the Mercantile Register of Panama, Sheet 811174, Document 2443160, Volume 2013 Entry 157109 and with registered offices at Urbanizaci\u00f3n 24 de diciembre via principal panamericana, Las Ma\u00f1anitas township, Galera n 8, Panama, makes certain informational content about its activities available on its website\u00a0<strong>www.gruasorion.com.pa<\/strong>\u00a0.<\/p>\n<p>These general conditions solely and exclusively govern the use of the\u00a0<strong>GRUAS ORION<\/strong>\u00a0 website by the USERS who access it. These general conditions are provided to the USER on the website\u00a0<strong>www.gruasorion.com.pa<\/strong>\u00a0on each and every one of the pages, and each time USERS enter their information in the forms on the site, so that they can read, print, save and accept them via the internet, with the USERS prevented from entering their information without previously accepting the conditions.<\/p>\n<p>Access to the\u00a0<strong>GRUAS ORION<\/strong>\u00a0website implies unreserved acceptance of these general conditions of use, with the USER confirming that they understand them in their entirety. The USER agrees not to use the website and the services that it offers for unlawful activities and to respect these general conditions at all times.<\/p>\n<h4>1.  CONDITIONS OF ACCESS AND USE<\/h4>\n<p>1.1. The use of the\u00a0<strong>GRUAS ORION<\/strong>\u00a0website does not require the USER to register. The conditions to access and use this website are strictly governed by current legislation and by the principle of good faith, and the USER agrees to make good use of the website.  All acts that violate the law, or the rights or interests of third parties (the right to privacy, data protection, intellectual property, etc.) are prohibited\u00a0<strong>GRUAS ORION\u00a0<\/strong>expressly prohibits the following:<\/p>\n<p>1.1.1. Carrying out actions on the website or through it by any means that could produce  any type of harm to systems of\u00a0<strong>GRUAS ORION\u00a0<\/strong>or to third parties.<\/p>\n<p>1.1.2. Carrying out any type of advertising or commercial information without proper authorization, directly or covertly, sending mass mails (\"spamming\") or sending large messages to block network servers (\"mail bombing\").<\/p>\n<p>1.2.\u00a0<strong>GRUAS ORION<\/strong>\u00a0may interrupt access to its website at any time if it detects usage that is contrary to law, good faith or these general conditions - see clause five.<\/p>\n<h4>2. CONTENTS. The contents of this website have been prepared and included by:<\/h4>\n<p>2.1.\u00a0<strong>GRUAS ORION<\/strong>\u00a0uses internal and external sources such that\u00a0<strong>GRUAS ORION<\/strong>\u00a0is only responsible for the contents prepared internally.<\/p>\n<p>2.2. Third parties to\u00a0<strong>GRUAS ORION<\/strong>\u00a0either through direct collaborations on the website or through hyperlinks or links to other websites or news from other sites not owned by\u00a0<strong>GRUAS ORION<\/strong>. In no case will GRUAS ORION be responsible for the contents introduced like this, and it does not guarantee the correct functioning of all these links or hyperlinks.<\/p>\n<p>USERS who want to establish hyperlinks on their websites to the\u00a0<strong>GRUAS ORION<\/strong>\u00a0website not make use of the of the information made available on the aforementioned website that is unlawful or contrary to good faith.<\/p>\n<p>2.3.\u00a0<strong>GRUAS ORION<\/strong>\u00a0reserves the right to change the contents on its website at any time.<\/p>\n<h4>3. COPYRIGHT AND TRADEMARK<\/h4>\n<p><strong>GRUAS ORION<\/strong>\u00a0states that the website www.gruasorion.com.pa, the contents, programming and design of the website are fully protected by copyright. All reproduction, communication, distribution and transformation of these protected elements is expressly prohibited without the express consented of<strong>,<\/strong>\u00a0.\u00a0<strong>GRUAS ORION.<\/strong>\u00a0External sources are used to prepare the contents of the website on certain occasions and GRUAS ORION also establishes links or hyperlinks to articles or information from third parties, always citing the source. The legitimate owner of the copyright of information included this way may request the elimination of these references at any time.<\/p>\n<h4>4. JURISDICTION AND APPLICABLE LAW<\/h4>\n<p>These general conditions are governed by Spanish law. The Courts of Barcelona are competent to resolve any disputes or conflicts arising from these general conditions. The USER expressly waives any other jurisdiction that may correspond to them.<\/p>\n<p>If any clause of this document is declared null and void, the other clauses will remain in force and will be interpreted taking into account the will of the parties and the purpose of these conditions.\u00a0<strong>GRUAS ORION<\/strong>\u00a0may choose not to exercise any of the rights and powers conferred in this document, which in no case will imply the waiver of those rights and powers unless expressly acknowledged by\u00a0<strong>GRUAS ORION<\/strong>.<\/p>","protected":false},"excerpt":{"rendered":"<p>CONDICIONES GENERALES DE USO DEL SITIO WEB DE GR\u00daAS ORI\u00d3N PANAM\u00c1, S.A. GR\u00daAS ORI\u00d3N PANAM\u00c1, S.A.\u00a0(en adelante\u00a0GRUAS ORION\u00a0) con RUC. 2443160-1-811174, inscrita en el R.M. de Panam\u00e1, Ficha 811174 Documento 2443160 Tomo 2013 Asiento 157109 y\u00a0con domicilio en Urbanizaci\u00f3n 24 de diciembre v\u00eda principal panamericana, corregimiento de Las Ma\u00f1anitas, Galera n 8, Panam\u00e1, pone a&hellip;<\/p>","protected":false},"author":1,"featured_media":0,"parent":0,"menu_order":0,"comment_status":"closed","ping_status":"closed","template":"","meta":{"_joinchat":[]},"class_list":["post-348","page","type-page","status-publish","hentry","description-off"],"yoast_head":"<!-- This site is optimized with the Yoast SEO plugin v23.4 - https:\/\/yoast.com\/wordpress\/plugins\/seo\/ -->\n<title>Aviso Legal - Gr\u00faas Ori\u00f3n<\/title>\n<meta name=\"robots\" content=\"noindex, nofollow\" \/>\n<meta property=\"og:locale\" content=\"en_US\" \/>\n<meta property=\"og:type\" content=\"article\" \/>\n<meta property=\"og:title\" content=\"Aviso Legal - Gr\u00faas Ori\u00f3n\" \/>\n<meta property=\"og:description\" content=\"CONDICIONES GENERALES DE USO DEL SITIO WEB DE GR\u00daAS ORI\u00d3N PANAM\u00c1, S.A. GR\u00daAS ORI\u00d3N PANAM\u00c1, S.A.\u00a0(en adelante\u00a0GRUAS ORION\u00a0) con RUC. 2443160-1-811174, inscrita en el R.M. de Panam\u00e1, Ficha 811174 Documento 2443160 Tomo 2013 Asiento 157109 y\u00a0con domicilio en Urbanizaci\u00f3n 24 de diciembre v\u00eda principal panamericana, corregimiento de Las Ma\u00f1anitas, Galera n 8, Panam\u00e1, pone a&hellip;\" \/>\n<meta property=\"og:url\" content=\"https:\/\/gruasorion.com.pa\/en\/aviso-legal\/\" \/>\n<meta property=\"og:site_name\" content=\"Gr\u00faas Ori\u00f3n\" \/>\n<meta property=\"article:modified_time\" content=\"2022-12-13T05:41:27+00:00\" \/>\n<meta name=\"twitter:card\" content=\"summary_large_image\" \/>\n<meta name=\"twitter:label1\" content=\"Est. reading time\" \/>\n\t<meta name=\"twitter:data1\" content=\"4 minutes\" \/>\n<script type=\"application\/ld+json\" class=\"yoast-schema-graph\">{\"@context\":\"https:\/\/schema.org\",\"@graph\":[{\"@type\":\"WebPage\",\"@id\":\"https:\/\/gruasorion.com.pa\/aviso-legal\/\",\"url\":\"https:\/\/gruasorion.com.pa\/aviso-legal\/\",\"name\":\"Aviso Legal - Gr\u00faas Ori\u00f3n\",\"isPartOf\":{\"@id\":\"https:\/\/gruasorion.com.pa\/#website\"},\"datePublished\":\"2020-01-07T08:51:31+00:00\",\"dateModified\":\"2022-12-13T05:41:27+00:00\",\"breadcrumb\":{\"@id\":\"https:\/\/gruasorion.com.pa\/aviso-legal\/#breadcrumb\"},\"inLanguage\":\"en-US\",\"potentialAction\":[{\"@type\":\"ReadAction\",\"target\":[\"https:\/\/gruasorion.com.pa\/aviso-legal\/\"]}]},{\"@type\":\"BreadcrumbList\",\"@id\":\"https:\/\/gruasorion.com.pa\/aviso-legal\/#breadcrumb\",\"itemListElement\":[{\"@type\":\"ListItem\",\"position\":1,\"name\":\"Portada\",\"item\":\"https:\/\/gruasorion.com.pa\/\"},{\"@type\":\"ListItem\",\"position\":2,\"name\":\"Aviso Legal\"}]},{\"@type\":\"WebSite\",\"@id\":\"https:\/\/gruasorion.com.pa\/#website\",\"url\":\"https:\/\/gruasorion.com.pa\/\",\"name\":\"Gr\u00faas Ori\u00f3n\",\"description\":\"Alquiler de Gr\u00faas en Panam\u00e1\",\"potentialAction\":[{\"@type\":\"SearchAction\",\"target\":{\"@type\":\"EntryPoint\",\"urlTemplate\":\"https:\/\/gruasorion.com.pa\/?s={search_term_string}\"},\"query-input\":{\"@type\":\"PropertyValueSpecification\",\"valueRequired\":true,\"valueName\":\"search_term_string\"}}],\"inLanguage\":\"en-US\"}]}<\/script>\n<!-- \/ Yoast SEO plugin. -->","yoast_head_json":{"title":"Aviso Legal - Gr\u00faas Ori\u00f3n","robots":{"index":"noindex","follow":"nofollow"},"og_locale":"en_US","og_type":"article","og_title":"Aviso Legal - Gr\u00faas Ori\u00f3n","og_description":"CONDICIONES GENERALES DE USO DEL SITIO WEB DE GR\u00daAS ORI\u00d3N PANAM\u00c1, S.A. GR\u00daAS ORI\u00d3N PANAM\u00c1, S.A.\u00a0(en adelante\u00a0GRUAS ORION\u00a0) con RUC. 2443160-1-811174, inscrita en el R.M. de Panam\u00e1, Ficha 811174 Documento 2443160 Tomo 2013 Asiento 157109 y\u00a0con domicilio en Urbanizaci\u00f3n 24 de diciembre v\u00eda principal panamericana, corregimiento de Las Ma\u00f1anitas, Galera n 8, Panam\u00e1, pone a&hellip;","og_url":"https:\/\/gruasorion.com.pa\/en\/aviso-legal\/","og_site_name":"Gr\u00faas Ori\u00f3n","article_modified_time":"2022-12-13T05:41:27+00:00","twitter_card":"summary_large_image","twitter_misc":{"Est. reading time":"4 minutes"},"schema":{"@context":"https:\/\/schema.org","@graph":[{"@type":"WebPage","@id":"https:\/\/gruasorion.com.pa\/aviso-legal\/","url":"https:\/\/gruasorion.com.pa\/aviso-legal\/","name":"Aviso Legal - Gr\u00faas Ori\u00f3n","isPartOf":{"@id":"https:\/\/gruasorion.com.pa\/#website"},"datePublished":"2020-01-07T08:51:31+00:00","dateModified":"2022-12-13T05:41:27+00:00","breadcrumb":{"@id":"https:\/\/gruasorion.com.pa\/aviso-legal\/#breadcrumb"},"inLanguage":"en-US","potentialAction":[{"@type":"ReadAction","target":["https:\/\/gruasorion.com.pa\/aviso-legal\/"]}]},{"@type":"BreadcrumbList","@id":"https:\/\/gruasorion.com.pa\/aviso-legal\/#breadcrumb","itemListElement":[{"@type":"ListItem","position":1,"name":"Portada","item":"https:\/\/gruasorion.com.pa\/"},{"@type":"ListItem","position":2,"name":"Aviso Legal"}]},{"@type":"WebSite","@id":"https:\/\/gruasorion.com.pa\/#website","url":"https:\/\/gruasorion.com.pa\/","name":"Gr\u00faas Ori\u00f3n","description":"Alquiler de Gr\u00faas en Panam\u00e1","potentialAction":[{"@type":"SearchAction","target":{"@type":"EntryPoint","urlTemplate":"https:\/\/gruasorion.com.pa\/?s={search_term_string}"},"query-input":{"@type":"PropertyValueSpecification","valueRequired":true,"valueName":"search_term_string"}}],"inLanguage":"en-US"}]}},"_links":{"self":[{"href":"https:\/\/gruasorion.com.pa\/en\/wp-json\/wp\/v2\/pages\/348","targetHints":{"allow":["GET"]}}],"collection":[{"href":"https:\/\/gruasorion.com.pa\/en\/wp-json\/wp\/v2\/pages"}],"about":[{"href":"https:\/\/gruasorion.com.pa\/en\/wp-json\/wp\/v2\/types\/page"}],"author":[{"embeddable":true,"href":"https:\/\/gruasorion.com.pa\/en\/wp-json\/wp\/v2\/users\/1"}],"replies":[{"embeddable":true,"href":"https:\/\/gruasorion.com.pa\/en\/wp-json\/wp\/v2\/comments?post=348"}],"version-history":[{"count":1,"href":"https:\/\/gruasorion.com.pa\/en\/wp-json\/wp\/v2\/pages\/348\/revisions"}],"predecessor-version":[{"id":349,"href":"https:\/\/gruasorion.com.pa\/en\/wp-json\/wp\/v2\/pages\/348\/revisions\/349"}],"wp:attachment":[{"href":"https:\/\/gruasorion.com.pa\/en\/wp-json\/wp\/v2\/media?parent=348"}],"curies":[{"name":"wp","href":"https:\/\/api.w.org\/{rel}","templated":true}]}}