{"id":350,"date":"2020-01-07T08:54:01","date_gmt":"2020-01-07T08:54:01","guid":{"rendered":"https:\/\/gruasorion.com.pa\/gruasorion\/?page_id=350"},"modified":"2020-01-27T16:21:55","modified_gmt":"2020-01-27T16:21:55","slug":"politica-de-cookies","status":"publish","type":"page","link":"https:\/\/gruasorion.com.pa\/en\/politica-de-cookies\/","title":{"rendered":"Pol\u00edtica de cookies"},"content":{"rendered":"<h4>5. USE OF COOKIES<\/h4>\n<p>Most of the information we collect from our websites is anonymous. Cookies are a tool that web servers use to store and retrieve information about users. It's just a text file that some servers ask the browser to write to your hard disk, with information about what is done by the page.<\/p>\n<p>At\u00a0<b>GRUAS ORION<\/b>\u00a0we respect the privacy of our visitors. At the same time, we are continuously working to improve the navigation of our website based on our users and their needs and interests, to determine how often users use our services and to determine statistical patterns of behavior.<\/p>\n<p>We collect the information to track user behavior. The information is only used internally to improve our understanding of the behavior of our users on the web. This information is an important tool for us to improve the quality of content and services.<\/p>\n<p>To track the behavior of our users, we use \u201ccookies\u201d, which can be described as small data files that are stored in the browser of your computer. Cookies really only record the IP address of visitors and don't give\u00a0<b>GRUAS ORION\u00a0<\/b>any personal information. The cookies that we use comply with P3P standards, and do not track any of your activities outside the website\u00a0<a href=\"http:\/\/www.gruasorion.com\/\">www.gruasorion.com<\/a><b>.\u00a0\u00a0\u00a0<\/b><\/p>\n<p>The user can configure their browser to accept or reject all cookies by default, or receive an on-screen warning when each cookie is received, and decide at that time whether or not to accept it on their hard disk. To do this, we suggest you consult the help section of your browser to see how to change your current configuration.<\/p>\n<p>Even if the user configures his browser to reject all cookies or expressly rejects cookies, he can browse the portal with the only drawback of not being able to enjoy the functionalities of the portal that require the installation of any of them.<\/p>\n<p>In any case, the user may delete the cookies saved on their hard disk at any time, following the procedure described in the help section of their browser.<\/p>\n<p>Nevertheless, acceptance of this privacy policy implies that the user has been informed clearly and completely about the use of data storage and retrieval devices (cookies), and also that\u00a0<b>GRUAS ORION<\/b>\u00a0has the consent of the user to use them as established in article 22 of Law 34\/2002, of July 11th, on Services of the Information Society and Electronic Commerce (LSSI-CE).<\/p>","protected":false},"excerpt":{"rendered":"<p>5. USO DE LAS \u00abCOOKIES\u00bb La mayor\u00eda de la informaci\u00f3n que recopilamos desde nuestros sitios web es informaci\u00f3n an\u00f3nima. Las \u201ccookies\u201d constituyen una herramienta empleada por los servidores web para almacenar y recuperar informaci\u00f3n acerca de los usuarios. No es m\u00e1s que un fichero de texto que algunos servidores piden al navegador que escriba en&hellip;<\/p>","protected":false},"author":1,"featured_media":0,"parent":0,"menu_order":0,"comment_status":"closed","ping_status":"closed","template":"","meta":{"_joinchat":[]},"class_list":["post-350","page","type-page","status-publish","hentry","description-off"],"yoast_head":"<!-- This site is optimized with the Yoast SEO plugin v23.4 - https:\/\/yoast.com\/wordpress\/plugins\/seo\/ -->\n<title>Pol\u00edtica de cookies - Gr\u00faas Ori\u00f3n<\/title>\n<meta name=\"robots\" content=\"index, follow, max-snippet:-1, max-image-preview:large, max-video-preview:-1\" \/>\n<link rel=\"canonical\" href=\"https:\/\/gruasorion.com.pa\/en\/politica-de-cookies\/\" \/>\n<meta property=\"og:locale\" content=\"en_US\" \/>\n<meta property=\"og:type\" content=\"article\" \/>\n<meta property=\"og:title\" content=\"Pol\u00edtica de cookies - Gr\u00faas Ori\u00f3n\" \/>\n<meta property=\"og:description\" content=\"5. USO DE LAS \u00abCOOKIES\u00bb La mayor\u00eda de la informaci\u00f3n que recopilamos desde nuestros sitios web es informaci\u00f3n an\u00f3nima. Las \u201ccookies\u201d constituyen una herramienta empleada por los servidores web para almacenar y recuperar informaci\u00f3n acerca de los usuarios. No es m\u00e1s que un fichero de texto que algunos servidores piden al navegador que escriba en&hellip;\" \/>\n<meta property=\"og:url\" content=\"https:\/\/gruasorion.com.pa\/en\/politica-de-cookies\/\" \/>\n<meta property=\"og:site_name\" content=\"Gr\u00faas Ori\u00f3n\" \/>\n<meta property=\"article:modified_time\" content=\"2020-01-27T16:21:55+00:00\" \/>\n<meta name=\"twitter:card\" content=\"summary_large_image\" \/>\n<meta name=\"twitter:label1\" content=\"Est. reading time\" \/>\n\t<meta name=\"twitter:data1\" content=\"2 minutes\" \/>\n<script type=\"application\/ld+json\" class=\"yoast-schema-graph\">{\"@context\":\"https:\/\/schema.org\",\"@graph\":[{\"@type\":\"WebPage\",\"@id\":\"https:\/\/gruasorion.com.pa\/politica-de-cookies\/\",\"url\":\"https:\/\/gruasorion.com.pa\/politica-de-cookies\/\",\"name\":\"Pol\u00edtica de cookies - Gr\u00faas Ori\u00f3n\",\"isPartOf\":{\"@id\":\"https:\/\/gruasorion.com.pa\/#website\"},\"datePublished\":\"2020-01-07T08:54:01+00:00\",\"dateModified\":\"2020-01-27T16:21:55+00:00\",\"breadcrumb\":{\"@id\":\"https:\/\/gruasorion.com.pa\/politica-de-cookies\/#breadcrumb\"},\"inLanguage\":\"en-US\",\"potentialAction\":[{\"@type\":\"ReadAction\",\"target\":[\"https:\/\/gruasorion.com.pa\/politica-de-cookies\/\"]}]},{\"@type\":\"BreadcrumbList\",\"@id\":\"https:\/\/gruasorion.com.pa\/politica-de-cookies\/#breadcrumb\",\"itemListElement\":[{\"@type\":\"ListItem\",\"position\":1,\"name\":\"Portada\",\"item\":\"https:\/\/gruasorion.com.pa\/\"},{\"@type\":\"ListItem\",\"position\":2,\"name\":\"Pol\u00edtica de cookies\"}]},{\"@type\":\"WebSite\",\"@id\":\"https:\/\/gruasorion.com.pa\/#website\",\"url\":\"https:\/\/gruasorion.com.pa\/\",\"name\":\"Gr\u00faas Ori\u00f3n\",\"description\":\"Alquiler de Gr\u00faas en Panam\u00e1\",\"potentialAction\":[{\"@type\":\"SearchAction\",\"target\":{\"@type\":\"EntryPoint\",\"urlTemplate\":\"https:\/\/gruasorion.com.pa\/?s={search_term_string}\"},\"query-input\":{\"@type\":\"PropertyValueSpecification\",\"valueRequired\":true,\"valueName\":\"search_term_string\"}}],\"inLanguage\":\"en-US\"}]}<\/script>\n<!-- \/ Yoast SEO plugin. -->","yoast_head_json":{"title":"Pol\u00edtica de cookies - Gr\u00faas Ori\u00f3n","robots":{"index":"index","follow":"follow","max-snippet":"max-snippet:-1","max-image-preview":"max-image-preview:large","max-video-preview":"max-video-preview:-1"},"canonical":"https:\/\/gruasorion.com.pa\/en\/politica-de-cookies\/","og_locale":"en_US","og_type":"article","og_title":"Pol\u00edtica de cookies - Gr\u00faas Ori\u00f3n","og_description":"5. USO DE LAS \u00abCOOKIES\u00bb La mayor\u00eda de la informaci\u00f3n que recopilamos desde nuestros sitios web es informaci\u00f3n an\u00f3nima. Las \u201ccookies\u201d constituyen una herramienta empleada por los servidores web para almacenar y recuperar informaci\u00f3n acerca de los usuarios. No es m\u00e1s que un fichero de texto que algunos servidores piden al navegador que escriba en&hellip;","og_url":"https:\/\/gruasorion.com.pa\/en\/politica-de-cookies\/","og_site_name":"Gr\u00faas Ori\u00f3n","article_modified_time":"2020-01-27T16:21:55+00:00","twitter_card":"summary_large_image","twitter_misc":{"Est. reading time":"2 minutes"},"schema":{"@context":"https:\/\/schema.org","@graph":[{"@type":"WebPage","@id":"https:\/\/gruasorion.com.pa\/politica-de-cookies\/","url":"https:\/\/gruasorion.com.pa\/politica-de-cookies\/","name":"Pol\u00edtica de cookies - Gr\u00faas Ori\u00f3n","isPartOf":{"@id":"https:\/\/gruasorion.com.pa\/#website"},"datePublished":"2020-01-07T08:54:01+00:00","dateModified":"2020-01-27T16:21:55+00:00","breadcrumb":{"@id":"https:\/\/gruasorion.com.pa\/politica-de-cookies\/#breadcrumb"},"inLanguage":"en-US","potentialAction":[{"@type":"ReadAction","target":["https:\/\/gruasorion.com.pa\/politica-de-cookies\/"]}]},{"@type":"BreadcrumbList","@id":"https:\/\/gruasorion.com.pa\/politica-de-cookies\/#breadcrumb","itemListElement":[{"@type":"ListItem","position":1,"name":"Portada","item":"https:\/\/gruasorion.com.pa\/"},{"@type":"ListItem","position":2,"name":"Pol\u00edtica de cookies"}]},{"@type":"WebSite","@id":"https:\/\/gruasorion.com.pa\/#website","url":"https:\/\/gruasorion.com.pa\/","name":"Gr\u00faas Ori\u00f3n","description":"Alquiler de Gr\u00faas en Panam\u00e1","potentialAction":[{"@type":"SearchAction","target":{"@type":"EntryPoint","urlTemplate":"https:\/\/gruasorion.com.pa\/?s={search_term_string}"},"query-input":{"@type":"PropertyValueSpecification","valueRequired":true,"valueName":"search_term_string"}}],"inLanguage":"en-US"}]}},"_links":{"self":[{"href":"https:\/\/gruasorion.com.pa\/en\/wp-json\/wp\/v2\/pages\/350","targetHints":{"allow":["GET"]}}],"collection":[{"href":"https:\/\/gruasorion.com.pa\/en\/wp-json\/wp\/v2\/pages"}],"about":[{"href":"https:\/\/gruasorion.com.pa\/en\/wp-json\/wp\/v2\/types\/page"}],"author":[{"embeddable":true,"href":"https:\/\/gruasorion.com.pa\/en\/wp-json\/wp\/v2\/users\/1"}],"replies":[{"embeddable":true,"href":"https:\/\/gruasorion.com.pa\/en\/wp-json\/wp\/v2\/comments?post=350"}],"version-history":[{"count":1,"href":"https:\/\/gruasorion.com.pa\/en\/wp-json\/wp\/v2\/pages\/350\/revisions"}],"predecessor-version":[{"id":351,"href":"https:\/\/gruasorion.com.pa\/en\/wp-json\/wp\/v2\/pages\/350\/revisions\/351"}],"wp:attachment":[{"href":"https:\/\/gruasorion.com.pa\/en\/wp-json\/wp\/v2\/media?parent=350"}],"curies":[{"name":"wp","href":"https:\/\/api.w.org\/{rel}","templated":true}]}}