{"id":788,"date":"2020-01-22T14:06:40","date_gmt":"2020-01-22T14:06:40","guid":{"rendered":"https:\/\/gruasorion.com.pa\/gruasorion\/?page_id=788"},"modified":"2021-06-09T13:10:58","modified_gmt":"2021-06-09T11:10:58","slug":"alquiler-de-gruas-con-operario","status":"publish","type":"page","link":"https:\/\/gruasorion.com.pa\/en\/alquiler-de-gruas-con-operario\/","title":{"rendered":"SERVICES"},"content":{"rendered":"<div class=\"vc_row wpb_row vc_row-fluid\"><div class=\"wpb_column vc_column_container vc_col-sm-12\"><div class=\"vc_column-inner\"><div class=\"wpb_wrapper\"><div id=\"ultimate-heading-595769df2d099ae65\" class=\"uvc-heading ult-adjust-bottom-margin ultimate-heading-595769df2d099ae65 uvc-3643\" data-hspacer=\"no_spacer\"  data-halign=\"left\" style=\"text-align:left\"><div class=\"uvc-heading-spacer no_spacer\" style=\"top\"><\/div><div class=\"uvc-main-heading ult-responsive\"  data-ultimate-target='.uvc-heading.ultimate-heading-595769df2d099ae65 h2'  data-responsive-json-new='{\"font-size\":\"desktop:36px;\",\"line-height\":\"\"}' ><h2 style=\"font-weight:bold;color:#002c5f;\">Rental of cranes with operator<\/h2><\/div><\/div><div class=\"ult-spacer spacer-69df2d099aeb6\" data-id=\"69df2d099aeb6\" data-height=\"25\" data-height-mobile=\"25\" data-height-tab=\"25\" data-height-tab-portrait=\"\" data-height-mobile-landscape=\"\" style=\"clear:both;display:block;\"><\/div><\/div><\/div><\/div><\/div><div data-vc-full-width=\"true\" data-vc-full-width-init=\"false\" class=\"vc_row wpb_row vc_row-fluid vc_custom_1579507726241 vc_column-gap-25\"><div class=\"wpb_column vc_column_container vc_col-sm-6\"><div class=\"vc_column-inner\"><div class=\"wpb_wrapper\"><div class=\"standard-arrow bullet-top\"><ul>\n<li>Rental of crane trucks with operator (different tonnages)<\/li>\n<li>Road transport of cargo.<\/li>\n<li>Transport and special movement of machinery.<\/li>\n<li>Container transport, loading and unloading.<\/li>\n<li>Rental of crane trucks with special baskets for lifting people.<\/li>\n<li>Combined earthmoving and crane service. (Tipper bed)<\/li>\n<li>Grapple for Jersey barriers<\/li>\n<li>Concrete bucket<\/li>\n<\/ul>\n<\/div><blockquote class=\"text-normal shortcode-blockquote block-style-widget\"><p><strong>More than 15 years looking out for the safety of our customers<\/strong><\/p>\n<\/blockquote><\/div><\/div><\/div><div class=\"wpb_column vc_column_container vc_col-sm-6\"><div class=\"vc_column-inner\"><div class=\"wpb_wrapper\"><div class=\"ult-spacer spacer-69df2d099b87d\" data-id=\"69df2d099b87d\" data-height=\"10\" data-height-mobile=\"10\" data-height-tab=\"10\" data-height-tab-portrait=\"\" data-height-mobile-landscape=\"\" style=\"clear:both;display:block;\"><\/div>\n\t<div  class=\"wpb_single_image wpb_content_element vc_align_left  vc_custom_1580202996627\">\n\t\t\n\t\t<figure class=\"wpb_wrapper vc_figure\">\n\t\t\t<div class=\"vc_single_image-wrapper   vc_box_border_grey\"><img loading=\"lazy\" decoding=\"async\" width=\"497\" height=\"542\" src=\"https:\/\/gruasorion.com.pa\/wp-content\/uploads\/2020\/01\/alquiler-de-gruas-con-operario.jpg\" class=\"vc_single_image-img attachment-full\" alt=\"Alquiler de gr\u00faas con operador\" srcset=\"https:\/\/gruasorion.com.pa\/wp-content\/uploads\/2020\/01\/alquiler-de-gruas-con-operario.jpg 497w, https:\/\/gruasorion.com.pa\/wp-content\/uploads\/2020\/01\/alquiler-de-gruas-con-operario-275x300.jpg 275w\" sizes=\"auto, (max-width: 497px) 100vw, 497px\"  data-dt-location=\"https:\/\/gruasorion.com.pa\/en\/alquiler-de-gruas-con-operario\/alquiler-de-gruas-con-operario-2\/\" \/><\/div>\n\t\t<\/figure>\n\t<\/div>\n<div class=\"ult-spacer spacer-69df2d099d0ea\" data-id=\"69df2d099d0ea\" data-height=\"30\" data-height-mobile=\"30\" data-height-tab=\"30\" data-height-tab-portrait=\"\" data-height-mobile-landscape=\"\" style=\"clear:both;display:block;\"><\/div><\/div><\/div><\/div><\/div><div class=\"vc_row-full-width vc_clearfix\"><\/div><div data-vc-full-width=\"true\" data-vc-full-width-init=\"false\" data-vc-stretch-content=\"true\" class=\"vc_row wpb_row vc_row-fluid vc_row-no-padding vc_row-o-equal-height vc_row-flex\"><div class=\"wpb_column vc_column_container vc_col-sm-6 vc_hidden-xs vc_col-has-fill\"><div class=\"vc_column-inner vc_custom_1580286851084\"><div class=\"wpb_wrapper\"><div class=\"ult-spacer spacer-69df2d099d7bd\" data-id=\"69df2d099d7bd\" data-height=\"35\" data-height-mobile=\"35\" data-height-tab=\"35\" data-height-tab-portrait=\"\" data-height-mobile-landscape=\"\" style=\"clear:both;display:block;\"><\/div><\/div><\/div><\/div><div class=\"wpb_column vc_column_container vc_col-sm-6 vc_col-has-fill\"><div class=\"vc_column-inner vc_custom_1579507667830\"><div class=\"wpb_wrapper\"><div class=\"vc_row wpb_row vc_inner vc_row-fluid\"><div class=\"wpb_column vc_column_container vc_col-sm-12 vc_col-lg-offset-2 vc_col-lg-8\"><div class=\"vc_column-inner\"><div class=\"wpb_wrapper\"><div id=\"ultimate-heading-282069df2d099e3a2\" class=\"uvc-heading ult-adjust-bottom-margin ultimate-heading-282069df2d099e3a2 uvc-9335\" data-hspacer=\"no_spacer\"  data-halign=\"center\" style=\"text-align:center\"><div class=\"uvc-heading-spacer no_spacer\" style=\"top\"><\/div><div class=\"uvc-main-heading ult-responsive\"  data-ultimate-target='.uvc-heading.ultimate-heading-282069df2d099e3a2 p'  data-responsive-json-new='{\"font-size\":\"desktop:34px;\",\"line-height\":\"\"}' ><p style=\"font-weight:bold;color:#002c5f;margin-bottom:25px;\">Get in touch with us if you're interested renting a crane with operator<\/p><\/div><\/div><style type=\"text\/css\" data-type=\"the7_shortcodes-inline-css\">#default-btn-36c3a4cecd2658bb1c564b82ba6e2cb1 {\n  border-radius: 10px;\n  font-size: 18px;\n  line-height: 20px;\n}\n.btn-shadow#default-btn-36c3a4cecd2658bb1c564b82ba6e2cb1 {\n  box-shadow: 0 1px 6px rgba(0,0,0,0.12);\n  transition: box-shadow 0.2s ease-out, opacity 0.45s;\n}\n.btn-shadow#default-btn-36c3a4cecd2658bb1c564b82ba6e2cb1:hover {\n  box-shadow: 0 5px 11px 0 rgba(0,0,0,0.18), 0 4px 15px 0 rgba(0,0,0,0.15);\n}\n.btn-3d#default-btn-36c3a4cecd2658bb1c564b82ba6e2cb1 {\n  box-shadow: 0px 2px 0px 0px #c99c20;\n}\n.btn-3d#default-btn-36c3a4cecd2658bb1c564b82ba6e2cb1:hover {\n  box-shadow: 0px 2px 0px 0px #03101e;\n}\n.btn-flat#default-btn-36c3a4cecd2658bb1c564b82ba6e2cb1 {\n  box-shadow: none;\n}\n.btn-flat#default-btn-36c3a4cecd2658bb1c564b82ba6e2cb1:hover {\n  box-shadow: none;\n}\n#default-btn-36c3a4cecd2658bb1c564b82ba6e2cb1.ico-right-side > i {\n  margin-right: 0px;\n  margin-left: 10px;\n}\n#default-btn-36c3a4cecd2658bb1c564b82ba6e2cb1 > i {\n  margin-right: 10px;\n  font-size: 18px;\n}\n#default-btn-36c3a4cecd2658bb1c564b82ba6e2cb1:not(:hover) {\n  border-width: 0px;\n  background: #f7c22f !important;\n  padding: 14px 24px 16px 24px;\n}\n#default-btn-36c3a4cecd2658bb1c564b82ba6e2cb1:hover {\n  border-width: 2px;\n  background: #002c5f !important;\n  padding: 12px 22px 14px 22px;\n}\n#default-btn-36c3a4cecd2658bb1c564b82ba6e2cb1.ico-right-side > i {\n  margin-right: 0px;\n  margin-left: 10px;\n}\n#default-btn-36c3a4cecd2658bb1c564b82ba6e2cb1 > i {\n  margin-right: 10px;\n}\n#default-btn-36c3a4cecd2658bb1c564b82ba6e2cb1 * {\n  vertical-align: middle;\n}\n<\/style><div class=\"btn-align-center\"><a href=\"tel: 5073928877\" class=\"default-btn-shortcode dt-btn link-hover-off btn-flat\" id=\"default-btn-36c3a4cecd2658bb1c564b82ba6e2cb1\"><i class=\"icomoon-the7-font-the7-phone-05\"><\/i><span>507 392 8877<\/span><\/a><\/div><div class=\"ult-spacer spacer-69df2d099e4b1\" data-id=\"69df2d099e4b1\" data-height=\"30\" data-height-mobile=\"30\" data-height-tab=\"30\" data-height-tab-portrait=\"\" data-height-mobile-landscape=\"\" style=\"clear:both;display:block;\"><\/div>\n<div class=\"wpcf7 no-js\" id=\"wpcf7-f6-o1\" lang=\"es-ES\" dir=\"ltr\">\n<div class=\"screen-reader-response\"><p role=\"status\" aria-live=\"polite\" aria-atomic=\"true\"><\/p> <ul><\/ul><\/div>\n<form action=\"\/en\/wp-json\/wp\/v2\/pages\/788#wpcf7-f6-o1\" method=\"post\" class=\"wpcf7-form init\" aria-label=\"Formulario de contacto\" novalidate=\"novalidate\" data-status=\"init\" data-trp-original-action=\"\/en\/wp-json\/wp\/v2\/pages\/788#wpcf7-f6-o1\">\n<div style=\"display: none;\">\n<input type=\"hidden\" name=\"_wpcf7\" value=\"6\" \/>\n<input type=\"hidden\" name=\"_wpcf7_version\" value=\"5.9.8\" \/>\n<input type=\"hidden\" name=\"_wpcf7_locale\" value=\"es_ES\" \/>\n<input type=\"hidden\" name=\"_wpcf7_unit_tag\" value=\"wpcf7-f6-o1\" \/>\n<input type=\"hidden\" name=\"_wpcf7_container_post\" value=\"0\" \/>\n<input type=\"hidden\" name=\"_wpcf7_posted_data_hash\" value=\"\" \/>\n<input type=\"hidden\" name=\"_wpcf7_recaptcha_response\" value=\"\" \/>\n<\/div>\n<p style=\"margin-bottom:0px; width:49%; margin-right:1%; float:left;\"><span class=\"wpcf7-form-control-wrap\" data-name=\"your-name\"><input size=\"40\" maxlength=\"400\" class=\"wpcf7-form-control wpcf7-text wpcf7-validates-as-required\" aria-required=\"true\" aria-invalid=\"false\" placeholder=\"Name\" value=\"\" type=\"text\" name=\"your-name\" \/><\/span>\n<\/p>\n<p style=\"margin-bottom:0px; width:49%; margin-right:1%; float:left;\"><span class=\"wpcf7-form-control-wrap\" data-name=\"your-email\"><input size=\"40\" maxlength=\"400\" class=\"wpcf7-form-control wpcf7-email wpcf7-validates-as-required wpcf7-text wpcf7-validates-as-email\" aria-required=\"true\" aria-invalid=\"false\" placeholder=\"E-mail*\" value=\"\" type=\"email\" name=\"your-email\" \/><\/span>\n<\/p>\n<p style=\"margin-bottom:0px;\"><span class=\"wpcf7-form-control-wrap\" data-name=\"your-message\"><textarea cols=\"40\" rows=\"3\" maxlength=\"2000\" class=\"wpcf7-form-control wpcf7-textarea\" aria-invalid=\"false\" placeholder=\"Message\" name=\"your-message\"><\/textarea><\/span>\n<\/p>\n<p style=\"font-size:12px; color:#777777; text-align:left; margin-bottom:0px;\"><span class=\"wpcf7-form-control-wrap\" data-name=\"your-consent\"><span class=\"wpcf7-form-control wpcf7-acceptance\"><span class=\"wpcf7-list-item\"><label><input type=\"checkbox\" name=\"your-consent\" value=\"1\" aria-invalid=\"false\" \/><span class=\"wpcf7-list-item-label\">I have read and accept the  <a href=\"\/en\/politica-privacidad\/\" style=\"color:#182A3F;\">pol\u00edtica de privacidad<\/a>.<\/span><\/label><\/span><\/span><\/span>\n<\/p>\n<p style=\"font-size:10px; line-height:12px; margin-bottom:10px; text-align: justify; color:#777777\">Basic data protection information: Person in charge: Gr\u00faas Ori\u00f3n. Purpose: Sending information and\/or commercial messages. Legalization: Consent of the interested party. Recipients: Mailchimp, as a platform for sending newsletters. Rights: You have the right to access, rectify and delete your data, as well as other rights, indicated in the additional information. Additional information: You can consult additional and detailed information on Data Protection at this link. <a href=\"\/en\/politica-privacidad\/\" style=\"color:#182A3F;\">este enlace<\/a>.\n<\/p>\n<p style=\"text-align: center;\"><input class=\"wpcf7-form-control wpcf7-submit has-spinner\" type=\"submit\" value=\"Send\" \/>\n<\/p><div class=\"wpcf7-response-output\" aria-hidden=\"true\"><\/div>\n<input type=\"hidden\" name=\"trp-form-language\" value=\"en\"\/><\/form>\n<\/div>\n<div class=\"ult-spacer spacer-69df2d09a0e6b\" data-id=\"69df2d09a0e6b\" data-height=\"35\" data-height-mobile=\"35\" data-height-tab=\"35\" data-height-tab-portrait=\"\" data-height-mobile-landscape=\"\" style=\"clear:both;display:block;\"><\/div><\/div><\/div><\/div><\/div><\/div><\/div><\/div><\/div><div class=\"vc_row-full-width vc_clearfix\"><\/div>","protected":false},"excerpt":{"rendered":"<p>Alquiler de gr\u00faas con operador Alquiler de cami\u00f3n gr\u00faa con operador (diferentes tonelajes) Transporte de mercanc\u00edas por carretera. Transporte y movimiento especial de maquinaria. Transporte, carga y descarga de contenedores. Alquiler de cami\u00f3n gr\u00faa con cesta especial para la elevaci\u00f3n de personas. Servicio combinado de movimiento de tierras y gr\u00faa. (Volquete) Pinza para barreras viales&hellip;<\/p>","protected":false},"author":1,"featured_media":0,"parent":0,"menu_order":0,"comment_status":"closed","ping_status":"closed","template":"","meta":{"_joinchat":[]},"class_list":["post-788","page","type-page","status-publish","hentry","description-off"],"yoast_head":"<!-- This site is optimized with the Yoast SEO plugin v23.4 - https:\/\/yoast.com\/wordpress\/plugins\/seo\/ -->\n<title>Alquiler de gr\u00faas con operador - Gr\u00faas Ori\u00f3n en Panam\u00e1<\/title>\n<meta name=\"description\" content=\"En Gr\u00faas Ori\u00f3n nos dedicamos al alquiler de gr\u00faas con operador. Con m\u00e1s de 30 a\u00f1os de experiencia en el sector. Alquiler a un precio barato.\" \/>\n<meta name=\"robots\" content=\"index, follow, max-snippet:-1, max-image-preview:large, max-video-preview:-1\" \/>\n<link rel=\"canonical\" href=\"https:\/\/gruasorion.com.pa\/en\/alquiler-de-gruas-con-operario\/\" \/>\n<meta property=\"og:locale\" content=\"en_US\" \/>\n<meta property=\"og:type\" content=\"article\" \/>\n<meta property=\"og:title\" content=\"Alquiler de gr\u00faas con operador - Gr\u00faas Ori\u00f3n en Panam\u00e1\" \/>\n<meta property=\"og:description\" content=\"En Gr\u00faas Ori\u00f3n nos dedicamos al alquiler de gr\u00faas con operador. Con m\u00e1s de 30 a\u00f1os de experiencia en el sector. Alquiler a un precio barato.\" \/>\n<meta property=\"og:url\" content=\"https:\/\/gruasorion.com.pa\/en\/alquiler-de-gruas-con-operario\/\" \/>\n<meta property=\"og:site_name\" content=\"Gr\u00faas Ori\u00f3n\" \/>\n<meta property=\"article:modified_time\" content=\"2021-06-09T11:10:58+00:00\" \/>\n<meta name=\"twitter:card\" content=\"summary_large_image\" \/>\n<meta name=\"twitter:label1\" content=\"Est. reading time\" \/>\n\t<meta name=\"twitter:data1\" content=\"1 minute\" \/>\n<script type=\"application\/ld+json\" class=\"yoast-schema-graph\">{\"@context\":\"https:\/\/schema.org\",\"@graph\":[{\"@type\":\"WebPage\",\"@id\":\"https:\/\/gruasorion.com.pa\/alquiler-de-gruas-con-operario\/\",\"url\":\"https:\/\/gruasorion.com.pa\/alquiler-de-gruas-con-operario\/\",\"name\":\"Alquiler de gr\u00faas con operador - Gr\u00faas Ori\u00f3n en Panam\u00e1\",\"isPartOf\":{\"@id\":\"https:\/\/gruasorion.com.pa\/#website\"},\"datePublished\":\"2020-01-22T14:06:40+00:00\",\"dateModified\":\"2021-06-09T11:10:58+00:00\",\"description\":\"En Gr\u00faas Ori\u00f3n nos dedicamos al alquiler de gr\u00faas con operador. Con m\u00e1s de 30 a\u00f1os de experiencia en el sector. Alquiler a un precio barato.\",\"breadcrumb\":{\"@id\":\"https:\/\/gruasorion.com.pa\/alquiler-de-gruas-con-operario\/#breadcrumb\"},\"inLanguage\":\"en-US\",\"potentialAction\":[{\"@type\":\"ReadAction\",\"target\":[\"https:\/\/gruasorion.com.pa\/alquiler-de-gruas-con-operario\/\"]}]},{\"@type\":\"BreadcrumbList\",\"@id\":\"https:\/\/gruasorion.com.pa\/alquiler-de-gruas-con-operario\/#breadcrumb\",\"itemListElement\":[{\"@type\":\"ListItem\",\"position\":1,\"name\":\"Portada\",\"item\":\"https:\/\/gruasorion.com.pa\/\"},{\"@type\":\"ListItem\",\"position\":2,\"name\":\"Servicios\"}]},{\"@type\":\"WebSite\",\"@id\":\"https:\/\/gruasorion.com.pa\/#website\",\"url\":\"https:\/\/gruasorion.com.pa\/\",\"name\":\"Gr\u00faas Ori\u00f3n\",\"description\":\"Alquiler de Gr\u00faas en Panam\u00e1\",\"potentialAction\":[{\"@type\":\"SearchAction\",\"target\":{\"@type\":\"EntryPoint\",\"urlTemplate\":\"https:\/\/gruasorion.com.pa\/?s={search_term_string}\"},\"query-input\":{\"@type\":\"PropertyValueSpecification\",\"valueRequired\":true,\"valueName\":\"search_term_string\"}}],\"inLanguage\":\"en-US\"}]}<\/script>\n<!-- \/ Yoast SEO plugin. -->","yoast_head_json":{"title":"Alquiler de gr\u00faas con operador - Gr\u00faas Ori\u00f3n en Panam\u00e1","description":"En Gr\u00faas Ori\u00f3n nos dedicamos al alquiler de gr\u00faas con operador. Con m\u00e1s de 30 a\u00f1os de experiencia en el sector. Alquiler a un precio barato.","robots":{"index":"index","follow":"follow","max-snippet":"max-snippet:-1","max-image-preview":"max-image-preview:large","max-video-preview":"max-video-preview:-1"},"canonical":"https:\/\/gruasorion.com.pa\/en\/alquiler-de-gruas-con-operario\/","og_locale":"en_US","og_type":"article","og_title":"Alquiler de gr\u00faas con operador - Gr\u00faas Ori\u00f3n en Panam\u00e1","og_description":"En Gr\u00faas Ori\u00f3n nos dedicamos al alquiler de gr\u00faas con operador. Con m\u00e1s de 30 a\u00f1os de experiencia en el sector. Alquiler a un precio barato.","og_url":"https:\/\/gruasorion.com.pa\/en\/alquiler-de-gruas-con-operario\/","og_site_name":"Gr\u00faas Ori\u00f3n","article_modified_time":"2021-06-09T11:10:58+00:00","twitter_card":"summary_large_image","twitter_misc":{"Est. reading time":"1 minute"},"schema":{"@context":"https:\/\/schema.org","@graph":[{"@type":"WebPage","@id":"https:\/\/gruasorion.com.pa\/alquiler-de-gruas-con-operario\/","url":"https:\/\/gruasorion.com.pa\/alquiler-de-gruas-con-operario\/","name":"Alquiler de gr\u00faas con operador - Gr\u00faas Ori\u00f3n en Panam\u00e1","isPartOf":{"@id":"https:\/\/gruasorion.com.pa\/#website"},"datePublished":"2020-01-22T14:06:40+00:00","dateModified":"2021-06-09T11:10:58+00:00","description":"En Gr\u00faas Ori\u00f3n nos dedicamos al alquiler de gr\u00faas con operador. Con m\u00e1s de 30 a\u00f1os de experiencia en el sector. Alquiler a un precio barato.","breadcrumb":{"@id":"https:\/\/gruasorion.com.pa\/alquiler-de-gruas-con-operario\/#breadcrumb"},"inLanguage":"en-US","potentialAction":[{"@type":"ReadAction","target":["https:\/\/gruasorion.com.pa\/alquiler-de-gruas-con-operario\/"]}]},{"@type":"BreadcrumbList","@id":"https:\/\/gruasorion.com.pa\/alquiler-de-gruas-con-operario\/#breadcrumb","itemListElement":[{"@type":"ListItem","position":1,"name":"Portada","item":"https:\/\/gruasorion.com.pa\/"},{"@type":"ListItem","position":2,"name":"Servicios"}]},{"@type":"WebSite","@id":"https:\/\/gruasorion.com.pa\/#website","url":"https:\/\/gruasorion.com.pa\/","name":"Gr\u00faas Ori\u00f3n","description":"Alquiler de Gr\u00faas en Panam\u00e1","potentialAction":[{"@type":"SearchAction","target":{"@type":"EntryPoint","urlTemplate":"https:\/\/gruasorion.com.pa\/?s={search_term_string}"},"query-input":{"@type":"PropertyValueSpecification","valueRequired":true,"valueName":"search_term_string"}}],"inLanguage":"en-US"}]}},"_links":{"self":[{"href":"https:\/\/gruasorion.com.pa\/en\/wp-json\/wp\/v2\/pages\/788","targetHints":{"allow":["GET"]}}],"collection":[{"href":"https:\/\/gruasorion.com.pa\/en\/wp-json\/wp\/v2\/pages"}],"about":[{"href":"https:\/\/gruasorion.com.pa\/en\/wp-json\/wp\/v2\/types\/page"}],"author":[{"embeddable":true,"href":"https:\/\/gruasorion.com.pa\/en\/wp-json\/wp\/v2\/users\/1"}],"replies":[{"embeddable":true,"href":"https:\/\/gruasorion.com.pa\/en\/wp-json\/wp\/v2\/comments?post=788"}],"version-history":[{"count":19,"href":"https:\/\/gruasorion.com.pa\/en\/wp-json\/wp\/v2\/pages\/788\/revisions"}],"predecessor-version":[{"id":1640,"href":"https:\/\/gruasorion.com.pa\/en\/wp-json\/wp\/v2\/pages\/788\/revisions\/1640"}],"wp:attachment":[{"href":"https:\/\/gruasorion.com.pa\/en\/wp-json\/wp\/v2\/media?parent=788"}],"curies":[{"name":"wp","href":"https:\/\/api.w.org\/{rel}","templated":true}]}}